{"id":617,"date":"2025-10-07T10:34:14","date_gmt":"2025-10-07T10:34:14","guid":{"rendered":"https:\/\/www.riberasalud.com\/concurso-medicina-deportiva\/?page_id=617"},"modified":"2025-10-07T10:34:15","modified_gmt":"2025-10-07T10:34:15","slug":"bases-legales-sorteo-ribera-imske-copa-faulconbridge","status":"publish","type":"page","link":"https:\/\/www.riberasalud.com\/sorteo-faulconbridge\/bases-legales-sorteo-ribera-imske-copa-faulconbridge\/","title":{"rendered":"Bases legales Sorteo Ribera IMSKE Copa Faulconbridge"},"content":{"rendered":"\n<p class=\"has-medium-font-size\"><strong>1.- Compa\u00f1\u00eda organizadora<\/strong><\/p>\n\n\n\n<p>Instituto Musculoesqueletico Europeo S.L<br>C\/ Suiza 11. 46024 VALENCIA. Espa\u00f1a<br>CIF: ESB98923766\u00a0<\/p>\n\n\n\n<p class=\"has-medium-font-size\"><strong>2.- Objeto y mec\u00e1nica del sorteo<\/strong><\/p>\n\n\n\n<p>Para participar en el sorteo solo tienes que:<\/p>\n\n\n\n<ul class=\"wp-block-list\">\n<li>Contestar a las preguntas indicadas a continuaci\u00f3n.<\/li>\n\n\n\n<li>Seguirnos en una de nuestras\u00a0 RRSS<\/li>\n\n\n\n<li>Aceptar la Pol\u00edtica de Privacidad y el env\u00edo de comunicaciones comerciales.<\/li>\n<\/ul>\n\n\n\n<p class=\"has-medium-font-size\"><strong>3.- Gratuito<\/strong><\/p>\n\n\n\n<p>El sorteo es gratuito, para participar no es necesario comprar producto\/tratamiento alguno ni pagar cuotas o cantidades adicionales para conseguir el premio.<\/p>\n\n\n\n<p class=\"has-medium-font-size\"><strong>4.- Duraci\u00f3n del sorteo<\/strong><\/p>\n\n\n\n<p>La fecha de comienzo del sorteo ser\u00e1 el 10\/10\/2025 a las 10:00h y<strong>\u00a0terminar\u00e1 el 10\/10\/2025 a las 23:59<\/strong>.<\/p>\n\n\n\n<p class=\"has-medium-font-size\"><strong>5.- Requisitos para participar en sorteo<\/strong><\/p>\n\n\n\n<p>Ser mayor de 18 a\u00f1os.<\/p>\n\n\n\n<p class=\"has-medium-font-size\"><strong>6.- Premios<\/strong><\/p>\n\n\n\n<p>Habr\u00e1 1 premio y 1 ganador\/a, los premios consisten en:<\/p>\n\n\n\n<ul class=\"wp-block-list\">\n<li>Un bono viaje valorado en 100 euros\u00a0<\/li>\n<\/ul>\n\n\n\n<p class=\"has-medium-font-size\"><strong>7.- Selecci\u00f3n del ganador\/ ganadores, suplentes, comunicaci\u00f3n y entrega<\/strong><\/p>\n\n\n\n<p>El sorteo se realizar\u00e1 una vez terminado el plazo de participaci\u00f3n, mediante la aplicaci\u00f3n echaloasuerte.com.<\/p>\n\n\n\n<p>El ganador\/a del sorteo se comunicar\u00e1 entre los d\u00edas de 14 y 15 de octubre de 2025 con publicaciones en las redes sociales del Hospital Ribera IMSKE (Instagram y Facebook). A partir de esta fecha, nos pondremos en contacto&nbsp;con el ganador\/a para hacerle llegar el premio. La organizaci\u00f3n podr\u00e1 publicar el nombre del ganador en sus Redes Sociales y p\u00e1gina web, para dar publicidad y promoci\u00f3n a la convocatoria.<\/p>\n\n\n\n<p class=\"has-medium-font-size\"><strong>8.- <strong>Reservas y limitaciones<\/strong><\/strong><\/p>\n\n\n\n<p>Se entender\u00e1, a t\u00edtulo enunciativo, pero no limitativo, que se produce fraude en todos aquellos comportamientos que puedan resultar aparentemente abusivos y\/o malintencionados. La constataci\u00f3n de ello durante el sorteo supondr\u00e1 la descalificaci\u00f3n autom\u00e1tica del sorteo as\u00ed como la p\u00e9rdida del premio si se le hubiere otorgado.<\/p>\n\n\n\n<p>La organizaci\u00f3n queda eximida de cualquier responsabilidad en el supuesto de existir alg\u00fan error en los datos facilitados por los propios agraciados que impidiera su identificaci\u00f3n.<\/p>\n\n\n\n<p>La organizaci\u00f3n se reserva el derecho de emprender acciones judiciales contra aquellas personas que realicen cualquier tipo de acto susceptible de ser considerado manipulaci\u00f3n o falsificaci\u00f3n del concurso\/sorteo.<\/p>\n\n\n\n<p>La organizaci\u00f3n se reserva el derecho a efectuar cambios que redunden en el buen fin del sorteo cuando concurra causa justa o motivos de fuerza mayor que impidan llevarla a t\u00e9rmino en la forma en que recogen las presentes bases.<\/p>\n\n\n\n<p>La organizaci\u00f3n se reserva el derecho a aplazar o ampliar el per\u00edodo del concurso, as\u00ed como la facultad de interpretar las presentes bases legales.<\/p>\n\n\n\n<p>Asimismo, la empresa organizadora quedar\u00e1 exenta de toda responsabilidad si concurriere alguno de los casos se\u00f1alados, as\u00ed como de cualquier responsabilidad por los da\u00f1os y perjuicios que pudiesen ocasionarse durante el disfrute del premio.<\/p>\n\n\n\n<p class=\"has-medium-font-size\"><strong>9.- <strong><strong>Protecci\u00f3n de datos<\/strong><\/strong><\/strong><\/p>\n\n\n\n<p>La participaci\u00f3n en el sorteo implica la aceptaci\u00f3n de los presentes t\u00e9rminos y condiciones legales. Cualquier manifestaci\u00f3n de no aceptaci\u00f3n de la totalidad o parte de las bases legales implica la exclusi\u00f3n del participante y, como consecuencia de ello, La organizaci\u00f3n quedar\u00e1 liberada del cumplimiento de la obligaci\u00f3n contra\u00edda con este participante.<\/p>\n\n\n\n<p class=\"has-medium-font-size\"><strong>10.- <strong><strong><strong>Aceptaci\u00f3n de las bases.<\/strong><\/strong><\/strong><\/strong><\/p>\n\n\n\n<p>A los efectos previstos en la Ley Org\u00e1nica 1\/1982, de 5 de mayo, de Protecci\u00f3n Civil del Derecho al Honor, Intimidad Personal y Familiar y a la propia Imagen, se establece que la aceptaci\u00f3n del premio por parte del ganador, implica el otorgamiento expreso de la autorizaci\u00f3n prevista para utilizar su nombre y apellidos, as\u00ed como su imagen, en cualquier actividad p\u00fablica o de difusi\u00f3n relacionada con la presente sorteo, sin que por ello tenga derecho a remuneraci\u00f3n u obtenci\u00f3n de beneficio alguno diferente de la entrega del premio. La negativa implicar\u00e1 la renuncia autom\u00e1tica del premio.<\/p>\n","protected":false},"excerpt":{"rendered":"<p>1.- Compa\u00f1\u00eda organizadora Instituto Musculoesqueletico Europeo S.LC\/ Suiza 11. 46024 VALENCIA. Espa\u00f1aCIF: ESB98923766\u00a0 2.- Objeto y mec\u00e1nica del sorteo Para participar en el sorteo solo tienes que: 3.- Gratuito El sorteo es gratuito, para participar no es necesario comprar producto\/tratamiento alguno ni pagar cuotas o cantidades adicionales para conseguir el premio. 4.- Duraci\u00f3n del sorteo &#8230; <a title=\"Bases legales Sorteo Ribera IMSKE Copa Faulconbridge\" class=\"read-more\" href=\"https:\/\/www.riberasalud.com\/sorteo-faulconbridge\/bases-legales-sorteo-ribera-imske-copa-faulconbridge\/\" aria-label=\"Leer m\u00e1s sobre Bases legales Sorteo Ribera IMSKE Copa Faulconbridge\">Leer m\u00e1s<\/a><\/p>\n","protected":false},"author":2,"featured_media":0,"parent":0,"menu_order":0,"comment_status":"closed","ping_status":"closed","template":"","meta":{"footnotes":""},"class_list":["post-617","page","type-page","status-publish"],"_links":{"self":[{"href":"https:\/\/www.riberasalud.com\/sorteo-faulconbridge\/wp-json\/wp\/v2\/pages\/617","targetHints":{"allow":["GET"]}}],"collection":[{"href":"https:\/\/www.riberasalud.com\/sorteo-faulconbridge\/wp-json\/wp\/v2\/pages"}],"about":[{"href":"https:\/\/www.riberasalud.com\/sorteo-faulconbridge\/wp-json\/wp\/v2\/types\/page"}],"author":[{"embeddable":true,"href":"https:\/\/www.riberasalud.com\/sorteo-faulconbridge\/wp-json\/wp\/v2\/users\/2"}],"replies":[{"embeddable":true,"href":"https:\/\/www.riberasalud.com\/sorteo-faulconbridge\/wp-json\/wp\/v2\/comments?post=617"}],"version-history":[{"count":2,"href":"https:\/\/www.riberasalud.com\/sorteo-faulconbridge\/wp-json\/wp\/v2\/pages\/617\/revisions"}],"predecessor-version":[{"id":650,"href":"https:\/\/www.riberasalud.com\/sorteo-faulconbridge\/wp-json\/wp\/v2\/pages\/617\/revisions\/650"}],"wp:attachment":[{"href":"https:\/\/www.riberasalud.com\/sorteo-faulconbridge\/wp-json\/wp\/v2\/media?parent=617"}],"curies":[{"name":"wp","href":"https:\/\/api.w.org\/{rel}","templated":true}]}}