{"id":2,"date":"2021-04-27T13:18:39","date_gmt":"2021-04-27T13:18:39","guid":{"rendered":"http:\/\/riberasalud.com\/concurso-dia-infantil-de-la-familia\/?page_id=2"},"modified":"2025-10-07T10:41:31","modified_gmt":"2025-10-07T10:41:31","slug":"pagina-ejemplo","status":"publish","type":"page","link":"https:\/\/www.riberasalud.com\/sorteo-faulconbridge\/","title":{"rendered":"P\u00e1gina de ejemplo"},"content":{"rendered":"\n<div class=\"wp-block-cover sliderhome\"><img loading=\"lazy\" decoding=\"async\" width=\"1024\" height=\"267\" class=\"wp-block-cover__image-background wp-image-646 size-large\" alt=\"\" src=\"https:\/\/www.riberasalud.com\/sorteo-faulconbridge\/wp-content\/uploads\/2025\/10\/vista-superior-de-raquetas-y-pelotas-de-tenis-en-la-cancha-1024x267.jpg\" data-object-fit=\"cover\" srcset=\"https:\/\/www.riberasalud.com\/sorteo-faulconbridge\/wp-content\/uploads\/2025\/10\/vista-superior-de-raquetas-y-pelotas-de-tenis-en-la-cancha-1024x267.jpg 1024w, https:\/\/www.riberasalud.com\/sorteo-faulconbridge\/wp-content\/uploads\/2025\/10\/vista-superior-de-raquetas-y-pelotas-de-tenis-en-la-cancha-600x156.jpg 600w, https:\/\/www.riberasalud.com\/sorteo-faulconbridge\/wp-content\/uploads\/2025\/10\/vista-superior-de-raquetas-y-pelotas-de-tenis-en-la-cancha-300x78.jpg 300w, https:\/\/www.riberasalud.com\/sorteo-faulconbridge\/wp-content\/uploads\/2025\/10\/vista-superior-de-raquetas-y-pelotas-de-tenis-en-la-cancha-768x200.jpg 768w, https:\/\/www.riberasalud.com\/sorteo-faulconbridge\/wp-content\/uploads\/2025\/10\/vista-superior-de-raquetas-y-pelotas-de-tenis-en-la-cancha-1536x400.jpg 1536w, https:\/\/www.riberasalud.com\/sorteo-faulconbridge\/wp-content\/uploads\/2025\/10\/vista-superior-de-raquetas-y-pelotas-de-tenis-en-la-cancha.jpg 1921w\" sizes=\"auto, (max-width: 1024px) 100vw, 1024px\" \/><span aria-hidden=\"true\" class=\"wp-block-cover__background has-background-dim-0 has-background-dim\" style=\"background-color:#fde8de\"><\/span><div class=\"wp-block-cover__inner-container is-layout-constrained wp-block-cover-is-layout-constrained\">\n<div class=\"wp-block-group\"><div class=\"wp-block-group__inner-container is-layout-constrained wp-block-group-is-layout-constrained\">\n<div class=\"wp-block-columns is-layout-flex wp-container-core-columns-is-layout-9d6595d7 wp-block-columns-is-layout-flex\">\n<div class=\"wp-block-column is-vertically-aligned-center is-layout-flow wp-block-column-is-layout-flow\">\n<p class=\"subtitulo\">HOSPITAL RIBERA IMSKE<\/p>\n\n\n\n<h2 class=\"wp-block-heading titulo\">Sorteo IMSKE x Faulconbridge<\/h2>\n\n\n\n<p style=\"font-size:18px\">\u00bfQuieres llevarte un regalo? Participa en nuestro sorteo respondiendo a un sencillo cuestionario, s\u00edguenos en redes sociales<strong> y entrar\u00e1s en el sorteo de un bono viaje valorado en 100 euros<\/strong>.<\/p>\n\n\n\n<p style=\"font-size:18px\">\u00a1S\u00edguenos en Instagram en @hospitalriberaimske!<\/p>\n<\/div>\n\n\n\n<div class=\"wp-block-column is-layout-flow wp-block-column-is-layout-flow\"><\/div>\n<\/div>\n<\/div><\/div>\n<\/div><\/div>\n\n\n\n<div id=\"formulario\" class=\"wp-block-group ocultar\"><div class=\"wp-block-group__inner-container is-layout-constrained wp-block-group-is-layout-constrained\">\n<div class=\"wp-block-contact-form-7-contact-form-selector\">\n<div class=\"wpcf7 no-js\" id=\"wpcf7-f648-o1\" lang=\"es-ES\" dir=\"ltr\" data-wpcf7-id=\"648\">\n<div class=\"screen-reader-response\"><p role=\"status\" aria-live=\"polite\" aria-atomic=\"true\"><\/p> <ul><\/ul><\/div>\n<form action=\"\/sorteo-faulconbridge\/wp-json\/wp\/v2\/pages\/2#wpcf7-f648-o1\" method=\"post\" class=\"wpcf7-form init\" aria-label=\"Formulario de contacto\" novalidate=\"novalidate\" data-status=\"init\">\n<fieldset class=\"hidden-fields-container\"><input type=\"hidden\" name=\"_wpcf7\" value=\"648\" \/><input type=\"hidden\" name=\"_wpcf7_version\" value=\"6.1.4\" \/><input type=\"hidden\" name=\"_wpcf7_locale\" value=\"es_ES\" \/><input type=\"hidden\" name=\"_wpcf7_unit_tag\" value=\"wpcf7-f648-o1\" \/><input type=\"hidden\" name=\"_wpcf7_container_post\" value=\"0\" \/><input type=\"hidden\" name=\"_wpcf7_posted_data_hash\" value=\"\" \/>\n<\/fieldset>\n<p><label><strong>DATOS PARTICIPANTE<\/strong><\/label>\n<\/p>\n<p><label>Nombre y apellidos:<span class=\"wpcf7-form-control-wrap\" data-name=\"your-name\"><input size=\"40\" maxlength=\"400\" class=\"wpcf7-form-control wpcf7-text wpcf7-validates-as-required\" aria-required=\"true\" aria-invalid=\"false\" value=\"\" type=\"text\" name=\"your-name\" \/><\/span><\/label><br \/>\n<label>Email:<span class=\"wpcf7-form-control-wrap\" data-name=\"your-email\"><input size=\"40\" maxlength=\"400\" class=\"wpcf7-form-control wpcf7-email wpcf7-validates-as-required wpcf7-text wpcf7-validates-as-email\" aria-required=\"true\" aria-invalid=\"false\" value=\"\" type=\"email\" name=\"your-email\" \/><\/span><\/label><br \/>\n<label>Tel\u00e9fono:<span class=\"wpcf7-form-control-wrap\" data-name=\"your-tel\"><input size=\"40\" maxlength=\"400\" class=\"wpcf7-form-control wpcf7-tel wpcf7-validates-as-required wpcf7-text wpcf7-validates-as-tel\" aria-required=\"true\" aria-invalid=\"false\" value=\"\" type=\"tel\" name=\"your-tel\" \/><\/span><\/label><br \/>\n<label>Ciudad de procedencia:<span class=\"wpcf7-form-control-wrap\" data-name=\"your-city\"><input size=\"40\" maxlength=\"400\" class=\"wpcf7-form-control wpcf7-text wpcf7-validates-as-required\" aria-required=\"true\" aria-invalid=\"false\" value=\"\" type=\"text\" name=\"your-city\" \/><\/span><\/label>\n<\/p>\n<p><label for=\"genero\">G\u00e9nero:<\/label><br \/>\n<select name=\"genero\" id=\"genero\">\n <option value=\"masculino\">Masculino<\/option>\n <option value=\"femenino\">Femenino<\/option>\n <option value=\"no_decirlo\">Prefiero no decirlo<\/option>\n<\/select>\n<\/p>\n<p><label>Edad:<span class=\"wpcf7-form-control-wrap\" data-name=\"your-age\"><input class=\"wpcf7-form-control wpcf7-number wpcf7-validates-as-required wpcf7-validates-as-number\" aria-required=\"true\" aria-invalid=\"false\" value=\"\" type=\"number\" name=\"your-age\" \/><\/span><\/label>\n<\/p>\n<p><span class=\"wpcf7-form-control-wrap\" data-name=\"acceptance-657\"><span class=\"wpcf7-form-control wpcf7-acceptance\"><span class=\"wpcf7-list-item\"><label><input type=\"checkbox\" name=\"acceptance-657\" value=\"1\" aria-invalid=\"false\" \/><span class=\"wpcf7-list-item-label\">He le\u00eddo y acepto las <a href=\"https:\/\/www.riberasalud.com\/sorteo-faulconbridge\/bases-legales-sorteo-ribera-imske-copa-faulconbridge\/\" target=\"_blank\">Bases del Sorteo<\/a> y la <a href=\"https:\/\/www.imske.com\/politica-de-privacidad-y-aviso-legal\/\" target=\"_blank\">Pol\u00edtica de Privacidad<\/a>.<\/span><\/label><\/span><\/span><\/span><br \/>\n<span class=\"wpcf7-form-control-wrap\" data-name=\"acceptance-658\"><span class=\"wpcf7-form-control wpcf7-acceptance optional\"><span class=\"wpcf7-list-item\"><label><input type=\"checkbox\" name=\"acceptance-658\" value=\"1\" aria-invalid=\"false\" \/><span class=\"wpcf7-list-item-label\">Autorizo el env\u00edo de informaci\u00f3n sobre h\u00e1bitos de vida saludable y otras campa\u00f1as de promoci\u00f3n de la salud a trav\u00e9s de los canales de comunicaci\u00f3n del Grupo Ribera.<\/span><\/label><\/span><\/span><\/span>\n<\/p>\n<p>Responsable del tratamiento: Instituto Musculoesqueletico Europeo S.L\n<\/p>\n<p>Finalidad: Tramitar la gesti\u00f3n del sorteo y el env\u00edo de comunicaciones comerciales.\n<\/p>\n<p>Derechos: El interesado podr\u00e1 ejercitar en cualquier momento los derechos de acceso,<br \/>\nrectificaci\u00f3n, supresi\u00f3n, oposici\u00f3n, limitaci\u00f3n y portabilidad siguiendo las<br \/>\nindicaciones incluidas en la pol\u00edtica de protecci\u00f3n de datos.\n<\/p>\n<p>M\u00e1s informaci\u00f3n: <a href=\"https:\/\/www.imske.com\/politica-de-privacidad-y-aviso-legal\/\" target=\"_blank\">aqu\u00ed<\/a>\n<\/p>\n<p><input class=\"wpcf7-form-control wpcf7-submit has-spinner\" type=\"submit\" value=\"Enviar\" \/>\n<\/p><div class=\"wpcf7-response-output\" aria-hidden=\"true\"><\/div>\n<\/form>\n<\/div>\n<\/div>\n<\/div><\/div>\n\n\n\n<div id=\"bloque_general\">\n        <h2 id=\"numero_p\" style=\"font-size: 26px; font-weight: 500\">Numero pregunta<\/h2>\n        <h3 id=\"pregunta\">Pregunta<\/h3>\n\n        <div style=\"margin: 10px;\" id=\"bloque_respuestas\">\n            <div id=\"box_respuesta1\" class=\"respuesta\">\n                <h3 id=\"resp1\">Respuesta 1<\/h3>\n            <\/div>\n            <div id=\"box_respuesta2\" class=\"respuesta\">\n                <h3 id=\"resp2\">Respuesta 2<\/h3>\n            <\/div>\n        <\/div>\n\n        <strong style=\"font-size: 18px; font-weight: 600;\" id=\"total_correctas\">Respuestas correctas: 0<\/strong>\n        \n    <\/div>\n\n    <div id=\"bloque_final\">\n        <h2>\u00a1Gracias por tus respuestas!<\/h2>\n        <h2 id=\"resp_correct\" style=\"font-size: 16px; color: black;\">Correctas<\/h2>\n        <div id=\"btn_participar\">\n            <h3>Participa en el concurso<\/h3>\n        <\/div>\n    <\/div>\n\n<script>\n    let numero_pregunta = 1;\n    let respuestas_correctas = 0;\n    let correcta = 0;\n    const pregunta_cambiar = document.getElementById(\"pregunta\");\n    const txt_numero_pregunta = document.getElementById(\"numero_p\");\n    const respuesta1 = document.getElementById(\"resp1\");\n    const respuesta2 = document.getElementById(\"resp2\");\n    const caja_respuesta1 = document.getElementById(\"box_respuesta1\");\n    const caja_respuesta2 = document.getElementById(\"box_respuesta2\");\n    const txt_total_correctas = document.getElementById(\"total_correctas\");\n    const bloque_preguntas = document.getElementById(\"bloque_general\");\n    const bloque_resultado = document.getElementById(\"bloque_final\");\n    const boton_participar = document.getElementById(\"btn_participar\");\n    const numero_aciertos = document.getElementById(\"resp_correct\");\n\n    txt_numero_pregunta.textContent = `- Pregunta N\u00ba ${numero_pregunta} -`;\n    pregunta_cambiar.style.padding = \"0px\";\n\n    function nuevaPregunta() {\n\n        caja_respuesta1.style.backgroundColor = \"\";\n        caja_respuesta2.style.backgroundColor = \"\";\n        respuesta1.style.color = \"black\";\n        respuesta2.style.color = \"black\";\n        txt_numero_pregunta.textContent = `- Pregunta N\u00ba ${numero_pregunta} -`;\n\n        if(numero_pregunta === 1) {\n            pregunta_cambiar.textContent = \"\u00bfD\u00f3nde est\u00e1 el Hospital Ribera IMSKE?\";\n            respuesta1.textContent = \"C\/ Suiza 11\";\n            respuesta2.textContent = \"C\/ Conchita Piquer 1 \";\n            correcta = 1;\n\n        }else if(numero_pregunta === 2) {\n            pregunta_cambiar.textContent = \"\u00bfEn qu\u00e9 son especialistas en el hospital Ribera IMSKE?\";\n            respuesta1.textContent = \"Traumatolog\u00eda y Medicina Deportiva\";\n            respuesta2.textContent = \"Ginecolog\u00eda \";\n            correcta = 1;\n\n        }else if(numero_pregunta === 3) {\n\n            pregunta_cambiar.textContent = \"\u00bfQu\u00e9 tipo de paciente atiende Ribera IMSKE?\";\n            respuesta1.textContent = \"Solo por la Seguridad Social\";\n            respuesta2.textContent = \"Privados y con seguro m\u00e9dico\";\n            correcta = 2;\n\n        }else if(numero_pregunta === 4) {\n            pregunta_cambiar.textContent = \"\u00bfDonde est\u00e1 la cl\u00ednica Ribera Mestalla?\";\n            respuesta1.textContent = \"Micer Masco 42\";\n            respuesta2.textContent = \"Avenida Juan XXIII\";\n            correcta = 1;\n\n\n    };\n}\n\n    function finFormulario() {\n        bloque_preguntas.style.display = \"none\";\n        bloque_resultado.style.display = \"flex\";\n        bloque_resultado.style.marginBottom = \"130px\";\n        bloque_resultado.style.marginTop = \"130px\";\n        numero_aciertos.textContent = `Aciertos: ${respuestas_correctas}`;\n    };\n    \n    nuevaPregunta();\n\n    caja_respuesta1.addEventListener(\"click\", () => {\n        responder(1);\n    });\n\n    caja_respuesta2.addEventListener(\"click\", () => {\n        responder(2);\n    });\n\n    boton_participar.addEventListener(\"click\", () => {\n        formulario.style.display = \"flex\";\n        bloque_resultado.style.display = \"none\";\n    });\n\n    function responder(opcion) {\n        if(numero_pregunta === 1) {\n            if(opcion === 1) {\n                                caja_respuesta1.style.backgroundColor = \"#7cea00\";\n                respuestas_correctas++;\n            }else if(opcion === 2) {\n                caja_respuesta2.style.backgroundColor = \"#d71029\";\n                respuesta1.style.color = \"white\";\n            };\n            numero_pregunta++;\n            txt_total_correctas.textContent = `Respuestas correctas: ${respuestas_correctas}`;\n\n            setTimeout(() => {\n                nuevaPregunta();\n            }, 1000);\n\n        }else if(numero_pregunta === 2) {\n            if(opcion === 1) {\n                \/\/ Respuesta 1 es la correcta\n                caja_respuesta1.style.backgroundColor = \"#7cea00\";\n                respuestas_correctas++;\n            }else if(opcion === 2) {\n                caja_respuesta2.style.backgroundColor = \"#d71029\";\n                respuesta2.style.color = \"white\";\n            };\n            numero_pregunta++;\n            txt_total_correctas.textContent = `Respuestas correctas: ${respuestas_correctas}`;\n\n            setTimeout(() => {\n                nuevaPregunta();\n            }, 1000);\n\n        }else if(numero_pregunta === 3) {\n            if(opcion === 1) {\n                caja_respuesta1.style.backgroundColor = \"#d71029\";\n                respuesta2.style.color = \"white\";            }else if(opcion === 2) {\n\n                                caja_respuesta2.style.backgroundColor = \"#7cea00\";\n                respuestas_correctas++;\n\n            };\n            numero_pregunta++;\n            txt_total_correctas.textContent = `Respuestas correctas: ${respuestas_correctas}`;\n\n            setTimeout(() => {\n                nuevaPregunta();\n            }, 1000);\n\n        }else if(numero_pregunta === 4) {\n            if(opcion === 1) {\n                \/\/ Respuesta 1 es la correcta\n                caja_respuesta1.style.backgroundColor = \"#7cea00\";\n                respuestas_correctas++;\n            }else if(opcion === 2) {\n                caja_respuesta2.style.backgroundColor = \"#d71029\";\n                respuesta2.style.color = \"white\";\n            };\n            numero_pregunta++;\n            txt_total_correctas.textContent = `Respuestas correctas: ${respuestas_correctas}`;\n\n            setTimeout(() => {\n                finFormulario();\n            }, 1000);\n\n        }else if(numero_pregunta === 5) {\n            if(opcion === 1) {\n                caja_respuesta1.style.backgroundColor = \"#d71029\";\n                respuesta1.style.color = \"white\";\n            }else if(opcion === 2) {\n                \/\/ Respuesta 2 es la correcta\n                caja_respuesta2.style.backgroundColor = \"#7cea00\";\n                respuestas_correctas++;\n            };\n            numero_pregunta++;\n            txt_total_correctas.textContent = `Respuestas correctas: ${respuestas_correctas}`;\n\n            setTimeout(() => {\n                nuevaPregunta();\n            }, 1000);\n        }else if(numero_pregunta === 6) {\n            if(opcion === 1) {\n                caja_respuesta1.style.backgroundColor = \"#d71029\";\n                respuesta1.style.color = \"white\";\n            }else if(opcion === 2) {\n                \/\/ Respuesta 2 es la correcta\n                caja_respuesta2.style.backgroundColor = \"#7cea00\";\n                respuestas_correctas++;\n            };\n            txt_total_correctas.textContent = `Respuestas correctas: ${respuestas_correctas}`;\n\n            setTimeout(() => {\n                finFormulario();\n            }, 1000);\n        };\n    };\n<\/script>\n\n<style>\n        #bloque_general { display: flex; flex-direction: column; justify-content: center; align-items: center; width: 100%; margin: auto; margin-bottom: 130px; margin-top: 30px;}\n        h2 { font-family: Arial, Helvetica, sans-serif; font-size: 22px; color: #d71029;}\n        h3 { font-family: Arial, Helvetica, sans-serif; font-size: 18px; margin: 0; padding: 10px; text-align: center; }\n        .respuesta { transition: all 0.3s; border: 1px solid black; border-radius: 10px; padding: 20px; width: 80vw; max-width: 600px; cursor: pointer; margin-bottom: 10px; text-align: center; }\n        .respuesta:hover { transform: scale(0.98); }\n        #bloque_final { display: none; justify-content: center; align-items: center; flex-direction: column; }\n        #btn_participar { border-radius: 10px; transition: all 0.5s; cursor: pointer; padding: 5px; display: flex; text-align: center; justify-content: center; align-items: center; background-color: #d71029; width: 50%; }\n        #btn_participar h3 { color: white; margin: 0; padding: 10px; }\n        #btn_participar:hover { transform: scale(0.98); }\n        .ocultar { display: none; }\n    <\/style>\n\n\n\n<p><a id=\"_msocom_1\"><\/a><\/p>\n","protected":false},"excerpt":{"rendered":"<p>Numero pregunta Pregunta Respuesta 1 Respuesta 2 Respuestas correctas: 0 \u00a1Gracias por tus respuestas! Correctas Participa en el concurso<\/p>\n","protected":false},"author":1,"featured_media":542,"parent":0,"menu_order":0,"comment_status":"closed","ping_status":"open","template":"","meta":{"footnotes":""},"class_list":["post-2","page","type-page","status-publish","has-post-thumbnail"],"_links":{"self":[{"href":"https:\/\/www.riberasalud.com\/sorteo-faulconbridge\/wp-json\/wp\/v2\/pages\/2","targetHints":{"allow":["GET"]}}],"collection":[{"href":"https:\/\/www.riberasalud.com\/sorteo-faulconbridge\/wp-json\/wp\/v2\/pages"}],"about":[{"href":"https:\/\/www.riberasalud.com\/sorteo-faulconbridge\/wp-json\/wp\/v2\/types\/page"}],"author":[{"embeddable":true,"href":"https:\/\/www.riberasalud.com\/sorteo-faulconbridge\/wp-json\/wp\/v2\/users\/1"}],"replies":[{"embeddable":true,"href":"https:\/\/www.riberasalud.com\/sorteo-faulconbridge\/wp-json\/wp\/v2\/comments?post=2"}],"version-history":[{"count":196,"href":"https:\/\/www.riberasalud.com\/sorteo-faulconbridge\/wp-json\/wp\/v2\/pages\/2\/revisions"}],"predecessor-version":[{"id":653,"href":"https:\/\/www.riberasalud.com\/sorteo-faulconbridge\/wp-json\/wp\/v2\/pages\/2\/revisions\/653"}],"wp:featuredmedia":[{"embeddable":true,"href":"https:\/\/www.riberasalud.com\/sorteo-faulconbridge\/wp-json\/wp\/v2\/media\/542"}],"wp:attachment":[{"href":"https:\/\/www.riberasalud.com\/sorteo-faulconbridge\/wp-json\/wp\/v2\/media?parent=2"}],"curies":[{"name":"wp","href":"https:\/\/api.w.org\/{rel}","templated":true}]}}